{"id":17,"date":"2023-05-05T10:00:20","date_gmt":"2023-05-05T10:00:20","guid":{"rendered":"https:\/\/miqueledwards.cl\/sitio\/?page_id=17"},"modified":"2023-11-20T12:33:40","modified_gmt":"2023-11-20T12:33:40","slug":"equipo","status":"publish","type":"page","link":"https:\/\/miqueledwards.cl\/sitio\/index.php\/equipo\/","title":{"rendered":"Equipo"},"content":{"rendered":"\r\n<p>Somos un equipo profesional multidiciplinario de la comuna de Osorno. Atendemos adem\u00e1s a nuestros clientes de Temuco, Valdivia, Puerto Varas y Puerto Montt, como tambi\u00e9n a los de comunas peque\u00f1as.\u00a0<\/p>\r\n<p>Prestamos asesor\u00eda jur\u00eddica y patrocino de causas judiciales, en las \u00e1reas del derecho civil, derecho penal, derecho de familia, derecho laboral, juzgados de polic\u00eda local, y otras materias como recursos de amparo, recursos de protecci\u00f3n, constituci\u00f3n de sociedades mercantiles, ley de insolvencia, reorganizaci\u00f3n y liquidaci\u00f3n de empresas y personas, entre otras.<\/p>\r\n<p>Adem\u00e1s, contamos con un servicio de corretaje inmobiliario.<\/p>\r\n<p><strong>EQUIPO MIQUEL EDWARDS<\/strong><\/p>\r\n","protected":false},"excerpt":{"rendered":"<p>Somos un equipo profesional multidiciplinario de la comuna de Osorno. Atendemos adem\u00e1s a nuestros clientes de Temuco, Valdivia, Puerto Varas y Puerto Montt, como tambi\u00e9n a los de comunas peque\u00f1as.\u00a0 Prestamos asesor\u00eda jur\u00eddica y patrocino de causas judiciales, en las \u00e1reas del derecho civil, derecho penal, derecho de familia, derecho laboral, juzgados de polic\u00eda local, [&hellip;]<\/p>\n","protected":false},"author":1,"featured_media":0,"parent":0,"menu_order":0,"comment_status":"closed","ping_status":"closed","template":"","meta":{"footnotes":""},"class_list":["post-17","page","type-page","status-publish","hentry"],"jetpack_sharing_enabled":true,"_links":{"self":[{"href":"https:\/\/miqueledwards.cl\/sitio\/index.php\/wp-json\/wp\/v2\/pages\/17","targetHints":{"allow":["GET"]}}],"collection":[{"href":"https:\/\/miqueledwards.cl\/sitio\/index.php\/wp-json\/wp\/v2\/pages"}],"about":[{"href":"https:\/\/miqueledwards.cl\/sitio\/index.php\/wp-json\/wp\/v2\/types\/page"}],"author":[{"embeddable":true,"href":"https:\/\/miqueledwards.cl\/sitio\/index.php\/wp-json\/wp\/v2\/users\/1"}],"replies":[{"embeddable":true,"href":"https:\/\/miqueledwards.cl\/sitio\/index.php\/wp-json\/wp\/v2\/comments?post=17"}],"version-history":[{"count":9,"href":"https:\/\/miqueledwards.cl\/sitio\/index.php\/wp-json\/wp\/v2\/pages\/17\/revisions"}],"predecessor-version":[{"id":213,"href":"https:\/\/miqueledwards.cl\/sitio\/index.php\/wp-json\/wp\/v2\/pages\/17\/revisions\/213"}],"wp:attachment":[{"href":"https:\/\/miqueledwards.cl\/sitio\/index.php\/wp-json\/wp\/v2\/media?parent=17"}],"curies":[{"name":"wp","href":"https:\/\/api.w.org\/{rel}","templated":true}]}}